{"id":210,"date":"2016-07-15T20:48:04","date_gmt":"2016-07-15T18:48:04","guid":{"rendered":"http:\/\/www.multipay.com.pl\/partnerzy-multipay\/?lang=en"},"modified":"2016-07-21T18:29:24","modified_gmt":"2016-07-21T16:29:24","slug":"multipays-partners","status":"publish","type":"page","link":"https:\/\/www.multipay.com.pl\/en\/multipays-partners\/","title":{"rendered":"Multipay&#8217;s Partners"},"content":{"rendered":"<h6><img loading=\"lazy\" decoding=\"async\" class=\"alignleft size-full wp-image-16\" src=\"http:\/\/www.multipay.com.pl\/wp-content\/uploads\/2016\/07\/img16.jpg\" alt=\"img16\" width=\"193\" height=\"60\" srcset=\"https:\/\/www.multipay.com.pl\/wp-content\/uploads\/2016\/07\/img16.jpg 193w, https:\/\/www.multipay.com.pl\/wp-content\/uploads\/2016\/07\/img16-24x7.jpg 24w, https:\/\/www.multipay.com.pl\/wp-content\/uploads\/2016\/07\/img16-36x11.jpg 36w, https:\/\/www.multipay.com.pl\/wp-content\/uploads\/2016\/07\/img16-48x15.jpg 48w\" sizes=\"auto, (max-width: 193px) 100vw, 193px\" \/>ITCARD<\/h6>\n<p>ITCARD is the second ATM operator in Poland in terms of the number of the devices handled. Relying on the professional competence in IT and banking ITCARD delivers reliable and safe solutions fitted to the needs of banks, based on state-of-the-art payment technologies. ITCARD is also the owner of a Poland-wide network of the Planet Cash ATMs, a network of the Planet Pay payment terminals and the Planet Plus Internet shopping centre.<\/p>\n<p><span style=\"color: #0060ae; font-size: 13px;\"><a style=\"color: #0060ae;\" href=\"http:\/\/itcard.pl\/\" target=\"_blank\">VISIT THE WEBSITE OF ITCARD<\/a><\/span><\/p>\n<p>&nbsp;<\/p>\n<h6><img loading=\"lazy\" decoding=\"async\" class=\"alignleft size-full wp-image-17\" src=\"http:\/\/www.multipay.com.pl\/wp-content\/uploads\/2016\/07\/img17.jpg\" alt=\"img17\" width=\"193\" height=\"73\" srcset=\"https:\/\/www.multipay.com.pl\/wp-content\/uploads\/2016\/07\/img17.jpg 193w, https:\/\/www.multipay.com.pl\/wp-content\/uploads\/2016\/07\/img17-24x9.jpg 24w, https:\/\/www.multipay.com.pl\/wp-content\/uploads\/2016\/07\/img17-36x14.jpg 36w, https:\/\/www.multipay.com.pl\/wp-content\/uploads\/2016\/07\/img17-48x18.jpg 48w\" sizes=\"auto, (max-width: 193px) 100vw, 193px\" \/>MBANK<\/h6>\n<p>The bank started its activity nearly 30 years ago as Bank Rozwoju Eksportu (BRE Bank). Within years, it has been developing its competences concerning the provision of services to various groups of Clients, expanding its offer on a constant basis. Today, mBank is a universal bank, specialising in rendering complex services to all groups of Clients at the area of retail, business, corporate and private banking.<\/p>\n<p><span style=\"color: #0060ae;\"><span style=\"font-size: 13px;\"><a style=\"color: #0060ae;\" href=\"https:\/\/www.mbank.pl\/indywidualny\/\" target=\"_blank\">VISIT THE WEBSITE OF MBANK<\/a><\/span><\/span><\/p>\n","protected":false},"excerpt":{"rendered":"<p>ITCARD ITCARD is the second ATM operator in Poland in terms of the number of the devices handled. Relying on the professional competence in IT and banking ITCARD delivers reliable and safe solutions fitted to the needs of banks, based on state-of-the-art payment technologies. ITCARD is also the owner of a Poland-wide network of the [&hellip;]<\/p>\n","protected":false},"author":1,"featured_media":0,"parent":0,"menu_order":0,"comment_status":"closed","ping_status":"closed","template":"","meta":{"footnotes":""},"class_list":["post-210","page","type-page","status-publish","hentry"],"yoast_head":"<!-- This site is optimized with the Yoast SEO plugin v25.2 - https:\/\/yoast.com\/wordpress\/plugins\/seo\/ -->\n<title>Multipay&#039;s Partners - Multipay<\/title>\n<meta name=\"robots\" content=\"index, follow, max-snippet:-1, max-image-preview:large, max-video-preview:-1\" \/>\n<link rel=\"canonical\" href=\"https:\/\/www.multipay.com.pl\/en\/multipays-partners\/\" \/>\n<meta property=\"og:locale\" content=\"en_US\" \/>\n<meta property=\"og:type\" content=\"article\" \/>\n<meta property=\"og:title\" content=\"Multipay&#039;s Partners - Multipay\" \/>\n<meta property=\"og:description\" content=\"ITCARD ITCARD is the second ATM operator in Poland in terms of the number of the devices handled. Relying on the professional competence in IT and banking ITCARD delivers reliable and safe solutions fitted to the needs of banks, based on state-of-the-art payment technologies. ITCARD is also the owner of a Poland-wide network of the [&hellip;]\" \/>\n<meta property=\"og:url\" content=\"https:\/\/www.multipay.com.pl\/en\/multipays-partners\/\" \/>\n<meta property=\"og:site_name\" content=\"Multipay\" \/>\n<meta property=\"article:modified_time\" content=\"2016-07-21T16:29:24+00:00\" \/>\n<meta property=\"og:image\" content=\"http:\/\/www.multipay.com.pl\/wp-content\/uploads\/2016\/07\/img16.jpg\" \/>\n<meta name=\"twitter:card\" content=\"summary_large_image\" \/>\n<meta name=\"twitter:label1\" content=\"Est. reading time\" \/>\n\t<meta name=\"twitter:data1\" content=\"1 minute\" \/>\n<script type=\"application\/ld+json\" class=\"yoast-schema-graph\">{\"@context\":\"https:\/\/schema.org\",\"@graph\":[{\"@type\":\"WebPage\",\"@id\":\"https:\/\/www.multipay.com.pl\/en\/multipays-partners\/\",\"url\":\"https:\/\/www.multipay.com.pl\/en\/multipays-partners\/\",\"name\":\"Multipay's Partners - Multipay\",\"isPartOf\":{\"@id\":\"https:\/\/www.multipay.com.pl\/#website\"},\"primaryImageOfPage\":{\"@id\":\"https:\/\/www.multipay.com.pl\/en\/multipays-partners\/#primaryimage\"},\"image\":{\"@id\":\"https:\/\/www.multipay.com.pl\/en\/multipays-partners\/#primaryimage\"},\"thumbnailUrl\":\"http:\/\/www.multipay.com.pl\/wp-content\/uploads\/2016\/07\/img16.jpg\",\"datePublished\":\"2016-07-15T18:48:04+00:00\",\"dateModified\":\"2016-07-21T16:29:24+00:00\",\"breadcrumb\":{\"@id\":\"https:\/\/www.multipay.com.pl\/en\/multipays-partners\/#breadcrumb\"},\"inLanguage\":\"en-US\",\"potentialAction\":[{\"@type\":\"ReadAction\",\"target\":[\"https:\/\/www.multipay.com.pl\/en\/multipays-partners\/\"]}]},{\"@type\":\"ImageObject\",\"inLanguage\":\"en-US\",\"@id\":\"https:\/\/www.multipay.com.pl\/en\/multipays-partners\/#primaryimage\",\"url\":\"http:\/\/www.multipay.com.pl\/wp-content\/uploads\/2016\/07\/img16.jpg\",\"contentUrl\":\"http:\/\/www.multipay.com.pl\/wp-content\/uploads\/2016\/07\/img16.jpg\"},{\"@type\":\"BreadcrumbList\",\"@id\":\"https:\/\/www.multipay.com.pl\/en\/multipays-partners\/#breadcrumb\",\"itemListElement\":[{\"@type\":\"ListItem\",\"position\":1,\"name\":\"Strona g\u0142\u00f3wna\",\"item\":\"https:\/\/www.multipay.com.pl\/en\/\"},{\"@type\":\"ListItem\",\"position\":2,\"name\":\"Multipay&#8217;s Partners\"}]},{\"@type\":\"WebSite\",\"@id\":\"https:\/\/www.multipay.com.pl\/#website\",\"url\":\"https:\/\/www.multipay.com.pl\/\",\"name\":\"Multipay\",\"description\":\"Dedykowane Rozwi\u0105zania - Zyskaj kompletn\u0105 us\u0142ug\u0119 w zakresie akceptacji kart p\u0142atniczych\",\"publisher\":{\"@id\":\"https:\/\/www.multipay.com.pl\/#organization\"},\"potentialAction\":[{\"@type\":\"SearchAction\",\"target\":{\"@type\":\"EntryPoint\",\"urlTemplate\":\"https:\/\/www.multipay.com.pl\/?s={search_term_string}\"},\"query-input\":{\"@type\":\"PropertyValueSpecification\",\"valueRequired\":true,\"valueName\":\"search_term_string\"}}],\"inLanguage\":\"en-US\"},{\"@type\":\"Organization\",\"@id\":\"https:\/\/www.multipay.com.pl\/#organization\",\"name\":\"Multipay\",\"url\":\"https:\/\/www.multipay.com.pl\/\",\"logo\":{\"@type\":\"ImageObject\",\"inLanguage\":\"en-US\",\"@id\":\"https:\/\/www.multipay.com.pl\/#\/schema\/logo\/image\/\",\"url\":\"https:\/\/www.multipay.com.pl\/wp-content\/uploads\/2017\/03\/Multipay_logo_RGB-obciete.png\",\"contentUrl\":\"https:\/\/www.multipay.com.pl\/wp-content\/uploads\/2017\/03\/Multipay_logo_RGB-obciete.png\",\"width\":769,\"height\":197,\"caption\":\"Multipay\"},\"image\":{\"@id\":\"https:\/\/www.multipay.com.pl\/#\/schema\/logo\/image\/\"},\"sameAs\":[\"https:\/\/www.linkedin.com\/company\/multipay-sp.-z-o.o.\"]}]}<\/script>\n<!-- \/ Yoast SEO plugin. -->","yoast_head_json":{"title":"Multipay's Partners - Multipay","robots":{"index":"index","follow":"follow","max-snippet":"max-snippet:-1","max-image-preview":"max-image-preview:large","max-video-preview":"max-video-preview:-1"},"canonical":"https:\/\/www.multipay.com.pl\/en\/multipays-partners\/","og_locale":"en_US","og_type":"article","og_title":"Multipay's Partners - Multipay","og_description":"ITCARD ITCARD is the second ATM operator in Poland in terms of the number of the devices handled. Relying on the professional competence in IT and banking ITCARD delivers reliable and safe solutions fitted to the needs of banks, based on state-of-the-art payment technologies. ITCARD is also the owner of a Poland-wide network of the [&hellip;]","og_url":"https:\/\/www.multipay.com.pl\/en\/multipays-partners\/","og_site_name":"Multipay","article_modified_time":"2016-07-21T16:29:24+00:00","og_image":[{"url":"http:\/\/www.multipay.com.pl\/wp-content\/uploads\/2016\/07\/img16.jpg","type":"","width":"","height":""}],"twitter_card":"summary_large_image","twitter_misc":{"Est. reading time":"1 minute"},"schema":{"@context":"https:\/\/schema.org","@graph":[{"@type":"WebPage","@id":"https:\/\/www.multipay.com.pl\/en\/multipays-partners\/","url":"https:\/\/www.multipay.com.pl\/en\/multipays-partners\/","name":"Multipay's Partners - Multipay","isPartOf":{"@id":"https:\/\/www.multipay.com.pl\/#website"},"primaryImageOfPage":{"@id":"https:\/\/www.multipay.com.pl\/en\/multipays-partners\/#primaryimage"},"image":{"@id":"https:\/\/www.multipay.com.pl\/en\/multipays-partners\/#primaryimage"},"thumbnailUrl":"http:\/\/www.multipay.com.pl\/wp-content\/uploads\/2016\/07\/img16.jpg","datePublished":"2016-07-15T18:48:04+00:00","dateModified":"2016-07-21T16:29:24+00:00","breadcrumb":{"@id":"https:\/\/www.multipay.com.pl\/en\/multipays-partners\/#breadcrumb"},"inLanguage":"en-US","potentialAction":[{"@type":"ReadAction","target":["https:\/\/www.multipay.com.pl\/en\/multipays-partners\/"]}]},{"@type":"ImageObject","inLanguage":"en-US","@id":"https:\/\/www.multipay.com.pl\/en\/multipays-partners\/#primaryimage","url":"http:\/\/www.multipay.com.pl\/wp-content\/uploads\/2016\/07\/img16.jpg","contentUrl":"http:\/\/www.multipay.com.pl\/wp-content\/uploads\/2016\/07\/img16.jpg"},{"@type":"BreadcrumbList","@id":"https:\/\/www.multipay.com.pl\/en\/multipays-partners\/#breadcrumb","itemListElement":[{"@type":"ListItem","position":1,"name":"Strona g\u0142\u00f3wna","item":"https:\/\/www.multipay.com.pl\/en\/"},{"@type":"ListItem","position":2,"name":"Multipay&#8217;s Partners"}]},{"@type":"WebSite","@id":"https:\/\/www.multipay.com.pl\/#website","url":"https:\/\/www.multipay.com.pl\/","name":"Multipay","description":"Dedykowane Rozwi\u0105zania - Zyskaj kompletn\u0105 us\u0142ug\u0119 w zakresie akceptacji kart p\u0142atniczych","publisher":{"@id":"https:\/\/www.multipay.com.pl\/#organization"},"potentialAction":[{"@type":"SearchAction","target":{"@type":"EntryPoint","urlTemplate":"https:\/\/www.multipay.com.pl\/?s={search_term_string}"},"query-input":{"@type":"PropertyValueSpecification","valueRequired":true,"valueName":"search_term_string"}}],"inLanguage":"en-US"},{"@type":"Organization","@id":"https:\/\/www.multipay.com.pl\/#organization","name":"Multipay","url":"https:\/\/www.multipay.com.pl\/","logo":{"@type":"ImageObject","inLanguage":"en-US","@id":"https:\/\/www.multipay.com.pl\/#\/schema\/logo\/image\/","url":"https:\/\/www.multipay.com.pl\/wp-content\/uploads\/2017\/03\/Multipay_logo_RGB-obciete.png","contentUrl":"https:\/\/www.multipay.com.pl\/wp-content\/uploads\/2017\/03\/Multipay_logo_RGB-obciete.png","width":769,"height":197,"caption":"Multipay"},"image":{"@id":"https:\/\/www.multipay.com.pl\/#\/schema\/logo\/image\/"},"sameAs":["https:\/\/www.linkedin.com\/company\/multipay-sp.-z-o.o."]}]}},"_links":{"self":[{"href":"https:\/\/www.multipay.com.pl\/en\/wp-json\/wp\/v2\/pages\/210","targetHints":{"allow":["GET"]}}],"collection":[{"href":"https:\/\/www.multipay.com.pl\/en\/wp-json\/wp\/v2\/pages"}],"about":[{"href":"https:\/\/www.multipay.com.pl\/en\/wp-json\/wp\/v2\/types\/page"}],"author":[{"embeddable":true,"href":"https:\/\/www.multipay.com.pl\/en\/wp-json\/wp\/v2\/users\/1"}],"replies":[{"embeddable":true,"href":"https:\/\/www.multipay.com.pl\/en\/wp-json\/wp\/v2\/comments?post=210"}],"version-history":[{"count":4,"href":"https:\/\/www.multipay.com.pl\/en\/wp-json\/wp\/v2\/pages\/210\/revisions"}],"predecessor-version":[{"id":380,"href":"https:\/\/www.multipay.com.pl\/en\/wp-json\/wp\/v2\/pages\/210\/revisions\/380"}],"wp:attachment":[{"href":"https:\/\/www.multipay.com.pl\/en\/wp-json\/wp\/v2\/media?parent=210"}],"curies":[{"name":"wp","href":"https:\/\/api.w.org\/{rel}","templated":true}]}}