{"id":198,"date":"2016-07-15T20:23:48","date_gmt":"2016-07-15T18:23:48","guid":{"rendered":"http:\/\/www.multipay.com.pl\/uslugi-platnicze\/?lang=en"},"modified":"2016-10-12T12:18:16","modified_gmt":"2016-10-12T10:18:16","slug":"payment-services","status":"publish","type":"page","link":"https:\/\/www.multipay.com.pl\/en\/payment-services\/","title":{"rendered":"Payment Services"},"content":{"rendered":"<p><strong>Multipay offers a comprehensive set of services connected with the acceptance of payment instruments (including payment cards) and the additional services rendered with the use of POS payment terminals. Collaborating with us you can expand the range of products that you offer your Clients and derive real financial benefits.<\/strong><\/p>\n<h6>Payment Card Acceptance<\/h6>\n<p>The major advantages of making payments with cards are in particular: increasing income, speeding up the time of service provision and reducing the risk and costs of cash handling.<\/p>\n<p>&nbsp;<\/p>\n<p>The payment terminals offered by Multipay support all kinds of Visa (including VPay) and MasterCard (including Maestro) payment cards.<\/p>\n<p>&nbsp;<\/p>\n<p><img loading=\"lazy\" decoding=\"async\" class=\"alignnone size-full wp-image-25\" src=\"http:\/\/www.multipay.com.pl\/wp-content\/uploads\/2016\/07\/img8.jpg\" alt=\"img8\" width=\"654\" height=\"55\" srcset=\"https:\/\/www.multipay.com.pl\/wp-content\/uploads\/2016\/07\/img8.jpg 654w, https:\/\/www.multipay.com.pl\/wp-content\/uploads\/2016\/07\/img8-24x2.jpg 24w, https:\/\/www.multipay.com.pl\/wp-content\/uploads\/2016\/07\/img8-36x3.jpg 36w, https:\/\/www.multipay.com.pl\/wp-content\/uploads\/2016\/07\/img8-48x4.jpg 48w, https:\/\/www.multipay.com.pl\/wp-content\/uploads\/2016\/07\/img8-300x25.jpg 300w\" sizes=\"auto, (max-width: 654px) 100vw, 654px\" \/><\/p>\n<p>&nbsp;<\/p>\n<h6>Contactless Payments<\/h6>\n<p>The payment terminals offered by Multipay can be used for the modern and fast contactless payments (MasterCard PayPass and Visa PayWave). Such transactions are especially convenient whenever a short time of transaction completion is of the essence. This feature enables the Clients to pay for their shopping easily, quickly and safely no matter what the payment amount is.<\/p>\n<p>&nbsp;<\/p>\n<p><img loading=\"lazy\" decoding=\"async\" class=\"alignnone size-full wp-image-26\" src=\"http:\/\/www.multipay.com.pl\/wp-content\/uploads\/2016\/07\/img9.jpg\" alt=\"img9\" width=\"328\" height=\"54\" srcset=\"https:\/\/www.multipay.com.pl\/wp-content\/uploads\/2016\/07\/img9.jpg 328w, https:\/\/www.multipay.com.pl\/wp-content\/uploads\/2016\/07\/img9-24x4.jpg 24w, https:\/\/www.multipay.com.pl\/wp-content\/uploads\/2016\/07\/img9-36x6.jpg 36w, https:\/\/www.multipay.com.pl\/wp-content\/uploads\/2016\/07\/img9-48x8.jpg 48w, https:\/\/www.multipay.com.pl\/wp-content\/uploads\/2016\/07\/img9-300x49.jpg 300w\" sizes=\"auto, (max-width: 328px) 100vw, 328px\" \/><\/p>\n<p>&nbsp;<\/p>\n<h6>BLIK Mobile Payments<\/h6>\n<p>Using the terminals provided by Multipay you can also accept BLIK mobile payments. The BLIK mobile payment system allows to make payments via a POS payment terminal with the use of a mobile telephone with the BLIK mobile application installed on it.<\/p>\n<p>&nbsp;<\/p>\n<p>&nbsp;<\/p>\n<p><img loading=\"lazy\" decoding=\"async\" class=\"alignnone size-full wp-image-27\" src=\"http:\/\/www.multipay.com.pl\/wp-content\/uploads\/2016\/07\/img10.jpg\" alt=\"img10\" width=\"149\" height=\"70\" srcset=\"https:\/\/www.multipay.com.pl\/wp-content\/uploads\/2016\/07\/img10.jpg 149w, https:\/\/www.multipay.com.pl\/wp-content\/uploads\/2016\/07\/img10-24x11.jpg 24w, https:\/\/www.multipay.com.pl\/wp-content\/uploads\/2016\/07\/img10-36x17.jpg 36w, https:\/\/www.multipay.com.pl\/wp-content\/uploads\/2016\/07\/img10-48x23.jpg 48w\" sizes=\"auto, (max-width: 149px) 100vw, 149px\" \/><\/p>\n<p>&nbsp;<\/p>\n<h6>Dynamic Currency Conversion (DCC)<\/h6>\n<p>The DCC is a service in which payments can be accepted in the currency of the card account. It provides the holder of a foreign payment card with the information about the exact amount of the transaction made at a particular point of sale and the currency rate of exchange as early as at the moment of the transaction completion. If a POS terminal has the DCC feature activated a Client can pay for a transaction in PLN or in the currency of his\/her card account.<\/p>\n<p>&nbsp;<\/p>\n<p>Merchants using the DCC service in collaboration with Multipay take additional financial advantages <strong>(a specific commission is paid to them on every transaction of this kind)<\/strong><strong>.<\/strong><\/p>\n<p>&nbsp;<\/p>\n<h6>Cashback<\/h6>\n<p>The cashback is a modern service provided via a POS terminal in which cash is withdrawn when making payment for goods and services from the point of sale\u2019s cash register up to an amount set by the payment organisations (presently, the Visa\u2019s limit is PLN 300 and the MasterCard\u2019s limit is PLN 500). The cashback encourages Clients to buy because they can combine shopping with the withdrawal of cash.<\/p>\n<p>&nbsp;<\/p>\n<p>The Clients of Multipay can enjoy additional financial benefits due to the provision of the cashback service <strong>(a specific commission is paid to them on every transaction of this kind).<\/strong> What is more, the possibility to withdraw cash via a POS terminal translates into the reduction of costs connected with handling money in its cash form.<\/p>\n<p>&nbsp;<\/p>\n<p><img loading=\"lazy\" decoding=\"async\" class=\"alignnone size-full wp-image-28\" src=\"http:\/\/www.multipay.com.pl\/wp-content\/uploads\/2016\/07\/img11.jpg\" alt=\"img11\" width=\"375\" height=\"58\" srcset=\"https:\/\/www.multipay.com.pl\/wp-content\/uploads\/2016\/07\/img11.jpg 375w, https:\/\/www.multipay.com.pl\/wp-content\/uploads\/2016\/07\/img11-24x4.jpg 24w, https:\/\/www.multipay.com.pl\/wp-content\/uploads\/2016\/07\/img11-36x6.jpg 36w, https:\/\/www.multipay.com.pl\/wp-content\/uploads\/2016\/07\/img11-48x7.jpg 48w, https:\/\/www.multipay.com.pl\/wp-content\/uploads\/2016\/07\/img11-300x46.jpg 300w\" sizes=\"auto, (max-width: 375px) 100vw, 375px\" \/><\/p>\n","protected":false},"excerpt":{"rendered":"<p>Multipay offers a comprehensive set of services connected with the acceptance of payment instruments (including payment cards) and the additional services rendered with the use of POS payment terminals. Collaborating with us you can expand the range of products that you offer your Clients and derive real financial benefits. Payment Card Acceptance The major advantages [&hellip;]<\/p>\n","protected":false},"author":1,"featured_media":0,"parent":0,"menu_order":0,"comment_status":"closed","ping_status":"closed","template":"","meta":{"footnotes":""},"class_list":["post-198","page","type-page","status-publish","hentry"],"yoast_head":"<!-- This site is optimized with the Yoast SEO plugin v25.2 - https:\/\/yoast.com\/wordpress\/plugins\/seo\/ -->\n<title>Payment Services - Multipay<\/title>\n<meta name=\"robots\" content=\"index, follow, max-snippet:-1, max-image-preview:large, max-video-preview:-1\" \/>\n<link rel=\"canonical\" href=\"https:\/\/www.multipay.com.pl\/en\/payment-services\/\" \/>\n<meta property=\"og:locale\" content=\"en_US\" \/>\n<meta property=\"og:type\" content=\"article\" \/>\n<meta property=\"og:title\" content=\"Payment Services - Multipay\" \/>\n<meta property=\"og:description\" content=\"Multipay offers a comprehensive set of services connected with the acceptance of payment instruments (including payment cards) and the additional services rendered with the use of POS payment terminals. Collaborating with us you can expand the range of products that you offer your Clients and derive real financial benefits. Payment Card Acceptance The major advantages [&hellip;]\" \/>\n<meta property=\"og:url\" content=\"https:\/\/www.multipay.com.pl\/en\/payment-services\/\" \/>\n<meta property=\"og:site_name\" content=\"Multipay\" \/>\n<meta property=\"article:modified_time\" content=\"2016-10-12T10:18:16+00:00\" \/>\n<meta property=\"og:image\" content=\"http:\/\/www.multipay.com.pl\/wp-content\/uploads\/2016\/07\/img8.jpg\" \/>\n<meta name=\"twitter:card\" content=\"summary_large_image\" \/>\n<meta name=\"twitter:label1\" content=\"Est. reading time\" \/>\n\t<meta name=\"twitter:data1\" content=\"2 minutes\" \/>\n<script type=\"application\/ld+json\" class=\"yoast-schema-graph\">{\"@context\":\"https:\/\/schema.org\",\"@graph\":[{\"@type\":\"WebPage\",\"@id\":\"https:\/\/www.multipay.com.pl\/en\/payment-services\/\",\"url\":\"https:\/\/www.multipay.com.pl\/en\/payment-services\/\",\"name\":\"Payment Services - Multipay\",\"isPartOf\":{\"@id\":\"https:\/\/www.multipay.com.pl\/#website\"},\"primaryImageOfPage\":{\"@id\":\"https:\/\/www.multipay.com.pl\/en\/payment-services\/#primaryimage\"},\"image\":{\"@id\":\"https:\/\/www.multipay.com.pl\/en\/payment-services\/#primaryimage\"},\"thumbnailUrl\":\"http:\/\/www.multipay.com.pl\/wp-content\/uploads\/2016\/07\/img8.jpg\",\"datePublished\":\"2016-07-15T18:23:48+00:00\",\"dateModified\":\"2016-10-12T10:18:16+00:00\",\"breadcrumb\":{\"@id\":\"https:\/\/www.multipay.com.pl\/en\/payment-services\/#breadcrumb\"},\"inLanguage\":\"en-US\",\"potentialAction\":[{\"@type\":\"ReadAction\",\"target\":[\"https:\/\/www.multipay.com.pl\/en\/payment-services\/\"]}]},{\"@type\":\"ImageObject\",\"inLanguage\":\"en-US\",\"@id\":\"https:\/\/www.multipay.com.pl\/en\/payment-services\/#primaryimage\",\"url\":\"http:\/\/www.multipay.com.pl\/wp-content\/uploads\/2016\/07\/img8.jpg\",\"contentUrl\":\"http:\/\/www.multipay.com.pl\/wp-content\/uploads\/2016\/07\/img8.jpg\"},{\"@type\":\"BreadcrumbList\",\"@id\":\"https:\/\/www.multipay.com.pl\/en\/payment-services\/#breadcrumb\",\"itemListElement\":[{\"@type\":\"ListItem\",\"position\":1,\"name\":\"Strona g\u0142\u00f3wna\",\"item\":\"https:\/\/www.multipay.com.pl\/en\/\"},{\"@type\":\"ListItem\",\"position\":2,\"name\":\"Payment Services\"}]},{\"@type\":\"WebSite\",\"@id\":\"https:\/\/www.multipay.com.pl\/#website\",\"url\":\"https:\/\/www.multipay.com.pl\/\",\"name\":\"Multipay\",\"description\":\"Dedykowane Rozwi\u0105zania - Zyskaj kompletn\u0105 us\u0142ug\u0119 w zakresie akceptacji kart p\u0142atniczych\",\"publisher\":{\"@id\":\"https:\/\/www.multipay.com.pl\/#organization\"},\"potentialAction\":[{\"@type\":\"SearchAction\",\"target\":{\"@type\":\"EntryPoint\",\"urlTemplate\":\"https:\/\/www.multipay.com.pl\/?s={search_term_string}\"},\"query-input\":{\"@type\":\"PropertyValueSpecification\",\"valueRequired\":true,\"valueName\":\"search_term_string\"}}],\"inLanguage\":\"en-US\"},{\"@type\":\"Organization\",\"@id\":\"https:\/\/www.multipay.com.pl\/#organization\",\"name\":\"Multipay\",\"url\":\"https:\/\/www.multipay.com.pl\/\",\"logo\":{\"@type\":\"ImageObject\",\"inLanguage\":\"en-US\",\"@id\":\"https:\/\/www.multipay.com.pl\/#\/schema\/logo\/image\/\",\"url\":\"https:\/\/www.multipay.com.pl\/wp-content\/uploads\/2017\/03\/Multipay_logo_RGB-obciete.png\",\"contentUrl\":\"https:\/\/www.multipay.com.pl\/wp-content\/uploads\/2017\/03\/Multipay_logo_RGB-obciete.png\",\"width\":769,\"height\":197,\"caption\":\"Multipay\"},\"image\":{\"@id\":\"https:\/\/www.multipay.com.pl\/#\/schema\/logo\/image\/\"},\"sameAs\":[\"https:\/\/www.linkedin.com\/company\/multipay-sp.-z-o.o.\"]}]}<\/script>\n<!-- \/ Yoast SEO plugin. -->","yoast_head_json":{"title":"Payment Services - Multipay","robots":{"index":"index","follow":"follow","max-snippet":"max-snippet:-1","max-image-preview":"max-image-preview:large","max-video-preview":"max-video-preview:-1"},"canonical":"https:\/\/www.multipay.com.pl\/en\/payment-services\/","og_locale":"en_US","og_type":"article","og_title":"Payment Services - Multipay","og_description":"Multipay offers a comprehensive set of services connected with the acceptance of payment instruments (including payment cards) and the additional services rendered with the use of POS payment terminals. Collaborating with us you can expand the range of products that you offer your Clients and derive real financial benefits. Payment Card Acceptance The major advantages [&hellip;]","og_url":"https:\/\/www.multipay.com.pl\/en\/payment-services\/","og_site_name":"Multipay","article_modified_time":"2016-10-12T10:18:16+00:00","og_image":[{"url":"http:\/\/www.multipay.com.pl\/wp-content\/uploads\/2016\/07\/img8.jpg","type":"","width":"","height":""}],"twitter_card":"summary_large_image","twitter_misc":{"Est. reading time":"2 minutes"},"schema":{"@context":"https:\/\/schema.org","@graph":[{"@type":"WebPage","@id":"https:\/\/www.multipay.com.pl\/en\/payment-services\/","url":"https:\/\/www.multipay.com.pl\/en\/payment-services\/","name":"Payment Services - Multipay","isPartOf":{"@id":"https:\/\/www.multipay.com.pl\/#website"},"primaryImageOfPage":{"@id":"https:\/\/www.multipay.com.pl\/en\/payment-services\/#primaryimage"},"image":{"@id":"https:\/\/www.multipay.com.pl\/en\/payment-services\/#primaryimage"},"thumbnailUrl":"http:\/\/www.multipay.com.pl\/wp-content\/uploads\/2016\/07\/img8.jpg","datePublished":"2016-07-15T18:23:48+00:00","dateModified":"2016-10-12T10:18:16+00:00","breadcrumb":{"@id":"https:\/\/www.multipay.com.pl\/en\/payment-services\/#breadcrumb"},"inLanguage":"en-US","potentialAction":[{"@type":"ReadAction","target":["https:\/\/www.multipay.com.pl\/en\/payment-services\/"]}]},{"@type":"ImageObject","inLanguage":"en-US","@id":"https:\/\/www.multipay.com.pl\/en\/payment-services\/#primaryimage","url":"http:\/\/www.multipay.com.pl\/wp-content\/uploads\/2016\/07\/img8.jpg","contentUrl":"http:\/\/www.multipay.com.pl\/wp-content\/uploads\/2016\/07\/img8.jpg"},{"@type":"BreadcrumbList","@id":"https:\/\/www.multipay.com.pl\/en\/payment-services\/#breadcrumb","itemListElement":[{"@type":"ListItem","position":1,"name":"Strona g\u0142\u00f3wna","item":"https:\/\/www.multipay.com.pl\/en\/"},{"@type":"ListItem","position":2,"name":"Payment Services"}]},{"@type":"WebSite","@id":"https:\/\/www.multipay.com.pl\/#website","url":"https:\/\/www.multipay.com.pl\/","name":"Multipay","description":"Dedykowane Rozwi\u0105zania - Zyskaj kompletn\u0105 us\u0142ug\u0119 w zakresie akceptacji kart p\u0142atniczych","publisher":{"@id":"https:\/\/www.multipay.com.pl\/#organization"},"potentialAction":[{"@type":"SearchAction","target":{"@type":"EntryPoint","urlTemplate":"https:\/\/www.multipay.com.pl\/?s={search_term_string}"},"query-input":{"@type":"PropertyValueSpecification","valueRequired":true,"valueName":"search_term_string"}}],"inLanguage":"en-US"},{"@type":"Organization","@id":"https:\/\/www.multipay.com.pl\/#organization","name":"Multipay","url":"https:\/\/www.multipay.com.pl\/","logo":{"@type":"ImageObject","inLanguage":"en-US","@id":"https:\/\/www.multipay.com.pl\/#\/schema\/logo\/image\/","url":"https:\/\/www.multipay.com.pl\/wp-content\/uploads\/2017\/03\/Multipay_logo_RGB-obciete.png","contentUrl":"https:\/\/www.multipay.com.pl\/wp-content\/uploads\/2017\/03\/Multipay_logo_RGB-obciete.png","width":769,"height":197,"caption":"Multipay"},"image":{"@id":"https:\/\/www.multipay.com.pl\/#\/schema\/logo\/image\/"},"sameAs":["https:\/\/www.linkedin.com\/company\/multipay-sp.-z-o.o."]}]}},"_links":{"self":[{"href":"https:\/\/www.multipay.com.pl\/en\/wp-json\/wp\/v2\/pages\/198","targetHints":{"allow":["GET"]}}],"collection":[{"href":"https:\/\/www.multipay.com.pl\/en\/wp-json\/wp\/v2\/pages"}],"about":[{"href":"https:\/\/www.multipay.com.pl\/en\/wp-json\/wp\/v2\/types\/page"}],"author":[{"embeddable":true,"href":"https:\/\/www.multipay.com.pl\/en\/wp-json\/wp\/v2\/users\/1"}],"replies":[{"embeddable":true,"href":"https:\/\/www.multipay.com.pl\/en\/wp-json\/wp\/v2\/comments?post=198"}],"version-history":[{"count":7,"href":"https:\/\/www.multipay.com.pl\/en\/wp-json\/wp\/v2\/pages\/198\/revisions"}],"predecessor-version":[{"id":491,"href":"https:\/\/www.multipay.com.pl\/en\/wp-json\/wp\/v2\/pages\/198\/revisions\/491"}],"wp:attachment":[{"href":"https:\/\/www.multipay.com.pl\/en\/wp-json\/wp\/v2\/media?parent=198"}],"curies":[{"name":"wp","href":"https:\/\/api.w.org\/{rel}","templated":true}]}}